{"id":594,"date":"2020-12-18T16:03:28","date_gmt":"2020-12-18T15:03:28","guid":{"rendered":"https:\/\/deltanz.sk\/hlavna-stranka-2\/"},"modified":"2023-03-02T13:33:00","modified_gmt":"2023-03-02T12:33:00","slug":"hlavna-stranka","status":"publish","type":"page","link":"https:\/\/deltanz.sk\/de\/","title":{"rendered":"Home"},"content":{"rendered":"","protected":false},"excerpt":{"rendered":"","protected":false},"author":1,"featured_media":506,"parent":0,"menu_order":0,"comment_status":"closed","ping_status":"closed","template":"template\/tpl-flexible-content.php","meta":{"_acf_changed":false,"inline_featured_image":false,"footnotes":""},"class_list":["post-594","page","type-page","status-publish","has-post-thumbnail","hentry"],"acf":[],"yoast_head":"<!-- This site is optimized with the Yoast SEO plugin v24.3 - https:\/\/yoast.com\/wordpress\/plugins\/seo\/ -->\n<title>DELTA NZ TRANS - Zasielate\u013esk\u00e1 spolo\u010dnos\u0165<\/title>\n<meta name=\"description\" content=\"DELTA-NZTRANS je spolo\u010dnos\u0165 s dlhoro\u010dnou trad\u00edciou, bohat\u00fdmi sk\u00fasenos\u0165ami a profesion\u00e1lnym pr\u00edstupom pon\u00fakaj\u00faca slu\u017eby v doprave, \u0161ped\u00edcii, logistike a v colnej deklar\u00e1cii.\" \/>\n<meta name=\"robots\" content=\"index, follow, max-snippet:-1, max-image-preview:large, max-video-preview:-1\" \/>\n<link rel=\"canonical\" href=\"https:\/\/deltanz.sk\/de\/\" \/>\n<meta property=\"og:locale\" content=\"de_DE\" \/>\n<meta property=\"og:type\" content=\"article\" \/>\n<meta property=\"og:title\" content=\"DELTA NZ TRANS - Zasielate\u013esk\u00e1 spolo\u010dnos\u0165\" \/>\n<meta property=\"og:description\" content=\"DELTA-NZTRANS je spolo\u010dnos\u0165 s dlhoro\u010dnou trad\u00edciou, bohat\u00fdmi sk\u00fasenos\u0165ami a profesion\u00e1lnym pr\u00edstupom pon\u00fakaj\u00faca slu\u017eby v doprave, \u0161ped\u00edcii, logistike a v colnej deklar\u00e1cii.\" \/>\n<meta property=\"og:url\" content=\"https:\/\/deltanz.sk\/de\/\" \/>\n<meta property=\"og:site_name\" content=\"DELTA NZ TRANS\" \/>\n<meta property=\"article:modified_time\" content=\"2023-03-02T12:33:00+00:00\" \/>\n<meta property=\"og:image\" content=\"https:\/\/deltanz.sk\/wp-content\/uploads\/2023\/01\/deltanz.jpg\" \/>\n\t<meta property=\"og:image:width\" content=\"900\" \/>\n\t<meta property=\"og:image:height\" content=\"900\" \/>\n\t<meta property=\"og:image:type\" content=\"image\/jpeg\" \/>\n<meta name=\"twitter:card\" content=\"summary_large_image\" \/>\n<meta name=\"twitter:image\" content=\"https:\/\/deltanz.sk\/wp-content\/uploads\/2023\/01\/deltanz.jpg\" \/>\n<script type=\"application\/ld+json\" class=\"yoast-schema-graph\">{\"@context\":\"https:\/\/schema.org\",\"@graph\":[{\"@type\":\"WebPage\",\"@id\":\"https:\/\/deltanz.sk\/de\/\",\"url\":\"https:\/\/deltanz.sk\/de\/\",\"name\":\"DELTA NZ TRANS - Zasielate\u013esk\u00e1 spolo\u010dnos\u0165\",\"isPartOf\":{\"@id\":\"https:\/\/deltanz.sk\/#website\"},\"primaryImageOfPage\":{\"@id\":\"https:\/\/deltanz.sk\/de\/#primaryimage\"},\"image\":{\"@id\":\"https:\/\/deltanz.sk\/de\/#primaryimage\"},\"thumbnailUrl\":\"https:\/\/deltanz.sk\/wp-content\/uploads\/2023\/01\/deltanz.jpg\",\"datePublished\":\"2020-12-18T15:03:28+00:00\",\"dateModified\":\"2023-03-02T12:33:00+00:00\",\"description\":\"DELTA-NZTRANS je spolo\u010dnos\u0165 s dlhoro\u010dnou trad\u00edciou, bohat\u00fdmi sk\u00fasenos\u0165ami a profesion\u00e1lnym pr\u00edstupom pon\u00fakaj\u00faca slu\u017eby v doprave, \u0161ped\u00edcii, logistike a v colnej deklar\u00e1cii.\",\"breadcrumb\":{\"@id\":\"https:\/\/deltanz.sk\/de\/#breadcrumb\"},\"inLanguage\":\"de\",\"potentialAction\":[{\"@type\":\"ReadAction\",\"target\":[\"https:\/\/deltanz.sk\/de\/\"]}]},{\"@type\":\"ImageObject\",\"inLanguage\":\"de\",\"@id\":\"https:\/\/deltanz.sk\/de\/#primaryimage\",\"url\":\"https:\/\/deltanz.sk\/wp-content\/uploads\/2023\/01\/deltanz.jpg\",\"contentUrl\":\"https:\/\/deltanz.sk\/wp-content\/uploads\/2023\/01\/deltanz.jpg\",\"width\":900,\"height\":900},{\"@type\":\"BreadcrumbList\",\"@id\":\"https:\/\/deltanz.sk\/de\/#breadcrumb\",\"itemListElement\":[{\"@type\":\"ListItem\",\"position\":1,\"name\":\"Domovsk\u00e1 str\u00e1nka\",\"item\":\"https:\/\/deltanz.sk\/de\/\"},{\"@type\":\"ListItem\",\"position\":2,\"name\":\"Home\"}]},{\"@type\":\"WebSite\",\"@id\":\"https:\/\/deltanz.sk\/#website\",\"url\":\"https:\/\/deltanz.sk\/\",\"name\":\"DELTA NZ TRANS\",\"description\":\"Zasielate\u013esk\u00e1 spolo\u010dnos\u0165\",\"publisher\":{\"@id\":\"https:\/\/deltanz.sk\/#organization\"},\"potentialAction\":[{\"@type\":\"SearchAction\",\"target\":{\"@type\":\"EntryPoint\",\"urlTemplate\":\"https:\/\/deltanz.sk\/?s={search_term_string}\"},\"query-input\":{\"@type\":\"PropertyValueSpecification\",\"valueRequired\":true,\"valueName\":\"search_term_string\"}}],\"inLanguage\":\"de\"},{\"@type\":\"Organization\",\"@id\":\"https:\/\/deltanz.sk\/#organization\",\"name\":\"DELTA-NZTRANS spol. s r.o.\",\"url\":\"https:\/\/deltanz.sk\/\",\"logo\":{\"@type\":\"ImageObject\",\"inLanguage\":\"de\",\"@id\":\"https:\/\/deltanz.sk\/#\/schema\/logo\/image\/\",\"url\":\"https:\/\/deltanz.sk\/wp-content\/uploads\/2023\/01\/deltanz.jpg\",\"contentUrl\":\"https:\/\/deltanz.sk\/wp-content\/uploads\/2023\/01\/deltanz.jpg\",\"width\":900,\"height\":900,\"caption\":\"DELTA-NZTRANS spol. s r.o.\"},\"image\":{\"@id\":\"https:\/\/deltanz.sk\/#\/schema\/logo\/image\/\"}}]}<\/script>\n<!-- \/ Yoast SEO plugin. -->","yoast_head_json":{"title":"DELTA NZ TRANS - Zasielate\u013esk\u00e1 spolo\u010dnos\u0165","description":"DELTA-NZTRANS je spolo\u010dnos\u0165 s dlhoro\u010dnou trad\u00edciou, bohat\u00fdmi sk\u00fasenos\u0165ami a profesion\u00e1lnym pr\u00edstupom pon\u00fakaj\u00faca slu\u017eby v doprave, \u0161ped\u00edcii, logistike a v colnej deklar\u00e1cii.","robots":{"index":"index","follow":"follow","max-snippet":"max-snippet:-1","max-image-preview":"max-image-preview:large","max-video-preview":"max-video-preview:-1"},"canonical":"https:\/\/deltanz.sk\/de\/","og_locale":"de_DE","og_type":"article","og_title":"DELTA NZ TRANS - Zasielate\u013esk\u00e1 spolo\u010dnos\u0165","og_description":"DELTA-NZTRANS je spolo\u010dnos\u0165 s dlhoro\u010dnou trad\u00edciou, bohat\u00fdmi sk\u00fasenos\u0165ami a profesion\u00e1lnym pr\u00edstupom pon\u00fakaj\u00faca slu\u017eby v doprave, \u0161ped\u00edcii, logistike a v colnej deklar\u00e1cii.","og_url":"https:\/\/deltanz.sk\/de\/","og_site_name":"DELTA NZ TRANS","article_modified_time":"2023-03-02T12:33:00+00:00","og_image":[{"width":900,"height":900,"url":"https:\/\/deltanz.sk\/wp-content\/uploads\/2023\/01\/deltanz.jpg","type":"image\/jpeg"}],"twitter_card":"summary_large_image","twitter_image":"https:\/\/deltanz.sk\/wp-content\/uploads\/2023\/01\/deltanz.jpg","schema":{"@context":"https:\/\/schema.org","@graph":[{"@type":"WebPage","@id":"https:\/\/deltanz.sk\/de\/","url":"https:\/\/deltanz.sk\/de\/","name":"DELTA NZ TRANS - Zasielate\u013esk\u00e1 spolo\u010dnos\u0165","isPartOf":{"@id":"https:\/\/deltanz.sk\/#website"},"primaryImageOfPage":{"@id":"https:\/\/deltanz.sk\/de\/#primaryimage"},"image":{"@id":"https:\/\/deltanz.sk\/de\/#primaryimage"},"thumbnailUrl":"https:\/\/deltanz.sk\/wp-content\/uploads\/2023\/01\/deltanz.jpg","datePublished":"2020-12-18T15:03:28+00:00","dateModified":"2023-03-02T12:33:00+00:00","description":"DELTA-NZTRANS je spolo\u010dnos\u0165 s dlhoro\u010dnou trad\u00edciou, bohat\u00fdmi sk\u00fasenos\u0165ami a profesion\u00e1lnym pr\u00edstupom pon\u00fakaj\u00faca slu\u017eby v doprave, \u0161ped\u00edcii, logistike a v colnej deklar\u00e1cii.","breadcrumb":{"@id":"https:\/\/deltanz.sk\/de\/#breadcrumb"},"inLanguage":"de","potentialAction":[{"@type":"ReadAction","target":["https:\/\/deltanz.sk\/de\/"]}]},{"@type":"ImageObject","inLanguage":"de","@id":"https:\/\/deltanz.sk\/de\/#primaryimage","url":"https:\/\/deltanz.sk\/wp-content\/uploads\/2023\/01\/deltanz.jpg","contentUrl":"https:\/\/deltanz.sk\/wp-content\/uploads\/2023\/01\/deltanz.jpg","width":900,"height":900},{"@type":"BreadcrumbList","@id":"https:\/\/deltanz.sk\/de\/#breadcrumb","itemListElement":[{"@type":"ListItem","position":1,"name":"Domovsk\u00e1 str\u00e1nka","item":"https:\/\/deltanz.sk\/de\/"},{"@type":"ListItem","position":2,"name":"Home"}]},{"@type":"WebSite","@id":"https:\/\/deltanz.sk\/#website","url":"https:\/\/deltanz.sk\/","name":"DELTA NZ TRANS","description":"Zasielate\u013esk\u00e1 spolo\u010dnos\u0165","publisher":{"@id":"https:\/\/deltanz.sk\/#organization"},"potentialAction":[{"@type":"SearchAction","target":{"@type":"EntryPoint","urlTemplate":"https:\/\/deltanz.sk\/?s={search_term_string}"},"query-input":{"@type":"PropertyValueSpecification","valueRequired":true,"valueName":"search_term_string"}}],"inLanguage":"de"},{"@type":"Organization","@id":"https:\/\/deltanz.sk\/#organization","name":"DELTA-NZTRANS spol. s r.o.","url":"https:\/\/deltanz.sk\/","logo":{"@type":"ImageObject","inLanguage":"de","@id":"https:\/\/deltanz.sk\/#\/schema\/logo\/image\/","url":"https:\/\/deltanz.sk\/wp-content\/uploads\/2023\/01\/deltanz.jpg","contentUrl":"https:\/\/deltanz.sk\/wp-content\/uploads\/2023\/01\/deltanz.jpg","width":900,"height":900,"caption":"DELTA-NZTRANS spol. s r.o."},"image":{"@id":"https:\/\/deltanz.sk\/#\/schema\/logo\/image\/"}}]}},"_links":{"self":[{"href":"https:\/\/deltanz.sk\/de\/wp-json\/wp\/v2\/pages\/594","targetHints":{"allow":["GET"]}}],"collection":[{"href":"https:\/\/deltanz.sk\/de\/wp-json\/wp\/v2\/pages"}],"about":[{"href":"https:\/\/deltanz.sk\/de\/wp-json\/wp\/v2\/types\/page"}],"author":[{"embeddable":true,"href":"https:\/\/deltanz.sk\/de\/wp-json\/wp\/v2\/users\/1"}],"replies":[{"embeddable":true,"href":"https:\/\/deltanz.sk\/de\/wp-json\/wp\/v2\/comments?post=594"}],"version-history":[{"count":3,"href":"https:\/\/deltanz.sk\/de\/wp-json\/wp\/v2\/pages\/594\/revisions"}],"predecessor-version":[{"id":629,"href":"https:\/\/deltanz.sk\/de\/wp-json\/wp\/v2\/pages\/594\/revisions\/629"}],"wp:featuredmedia":[{"embeddable":true,"href":"https:\/\/deltanz.sk\/de\/wp-json\/wp\/v2\/media\/506"}],"wp:attachment":[{"href":"https:\/\/deltanz.sk\/de\/wp-json\/wp\/v2\/media?parent=594"}],"curies":[{"name":"wp","href":"https:\/\/api.w.org\/{rel}","templated":true}]}}