{"id":596,"date":"2021-06-08T10:32:58","date_gmt":"2021-06-08T08:32:58","guid":{"rendered":"https:\/\/deltanz.sk\/ste-pripraveny-na-brexit-2\/"},"modified":"2023-03-02T13:33:13","modified_gmt":"2023-03-02T12:33:13","slug":"sie-sind-auf-brexit-vorbereitet","status":"publish","type":"page","link":"https:\/\/deltanz.sk\/de\/sie-sind-auf-brexit-vorbereitet\/","title":{"rendered":"Sie sind auf Brexit vorbereitet"},"content":{"rendered":"<p>Zolldeklarationsdienste werden werktags ab 8:00 Uhr bis 16:00 Uhr erbracht und garantieren Ihnen eine umfassende Bearbeitung f\u00fcr den Warenverkehr zwischen der Europ\u00e4ischen Union (EU) und Drittstaaten notwendiger Dokumente. Wir \u00fcbernehmen die Zollabfertigung beim Export und Import. Das Zollverfahren erledigen wir f\u00fcr Sie auf dem Gel\u00e4nde unseres Unternehmens im Zollraum, der Zollfiliale des Zollamtes Nitra ist.<\/p>\n<p>&nbsp;<\/p>\n<p>Dar\u00fcber hinaus bieten wir Ihnen eine neue Verarbeitung von Dokumenten und Unterlagen, statistische \u00dcberwachung und Berichterstattung an INTRASTAT f\u00fcr den Handel im Rahmen des Warenverkehrs zwischen der Slowakischen Republik und den EU-Staaten.<\/p>\n<p>&nbsp;<\/p>\n<p><strong>UNSER ANGEBOT:<\/strong><\/p>\n<ul>\n<li>Bearbeitung aller f\u00fcr Import-\/Exportverhandlungen erforderlichen Unterlagen (JCD (einheitliche Zollanmeldung), JCDd (zus\u00e4tzliche einheitliche Zollanmeldung), DCH (Zollwerterkl\u00e4rung), DCHh (zus\u00e4tzliche Zollwerterkl\u00e4rung), Ausf\u00fcllen von CMR, EUR1)<\/li>\n<li>Vertretung des Anmelders beim Zollverfahren<\/li>\n<li>Sicherstellung der Einfuhrzahlungen f\u00fcr alle Zollregime<\/li>\n<li>Bearbeitung der Dokumente f\u00fcr Karnet TIR<\/li>\n<li>Vorbereitung von Antr\u00e4gen auf Genehmigung der Regime mit wirtschaftlicher Bedeutung (aktiver und passiver Veredelungsverkehr, vor\u00fcbergehende Verwendung, Bearbeitung unter zollamtlicher \u00dcberwachung)<\/li>\n<li>F\u00fchrung der Aufzeichnungen \u00fcber Zollregime mit wirtschaftlicher Bedeutung<\/li>\n<li>Wiederausfuhrgesch\u00e4ftsvorg\u00e4nge, einschlie\u00dflich der Neutralisierung von Dokumenten<\/li>\n<li>Beratung zu einem konkreten Zollproblem im Zusammenhang mit Einfuhr, Ausfuhr oder direktem Transit von Waren<\/li>\n<li>INTRASTAT \u2013 Erhebung und Verarbeitung von Daten f\u00fcr statistische \u00dcberwachung des Au\u00dfenhandels innerhalb der EU und zwischen der Slowakei und Drittl\u00e4ndern.<\/li>\n<\/ul>\n","protected":false},"excerpt":{"rendered":"<p>Zolldeklarationsdienste werden werktags ab 8:00 Uhr bis 16:00 Uhr erbracht und garantieren Ihnen eine umfassende Bearbeitung f\u00fcr den Warenverkehr zwischen&#8230;<\/p>\n","protected":false},"author":1,"featured_media":498,"parent":0,"menu_order":0,"comment_status":"closed","ping_status":"closed","template":"","meta":{"_acf_changed":false,"inline_featured_image":false,"footnotes":""},"class_list":["post-596","page","type-page","status-publish","has-post-thumbnail","hentry"],"acf":[],"yoast_head":"<!-- This site is optimized with the Yoast SEO plugin v24.3 - https:\/\/yoast.com\/wordpress\/plugins\/seo\/ -->\n<title>Sie sind auf Brexit vorbereitet - DELTA NZ TRANS<\/title>\n<meta name=\"robots\" content=\"index, follow, max-snippet:-1, max-image-preview:large, max-video-preview:-1\" \/>\n<link rel=\"canonical\" href=\"https:\/\/deltanz.sk\/de\/sie-sind-auf-brexit-vorbereitet\/\" \/>\n<meta property=\"og:locale\" content=\"de_DE\" \/>\n<meta property=\"og:type\" content=\"article\" \/>\n<meta property=\"og:title\" content=\"Sie sind auf Brexit vorbereitet - DELTA NZ TRANS\" \/>\n<meta property=\"og:description\" content=\"Zolldeklarationsdienste werden werktags ab 8:00 Uhr bis 16:00 Uhr erbracht und garantieren Ihnen eine umfassende Bearbeitung f\u00fcr den Warenverkehr zwischen...\" \/>\n<meta property=\"og:url\" content=\"https:\/\/deltanz.sk\/de\/sie-sind-auf-brexit-vorbereitet\/\" \/>\n<meta property=\"og:site_name\" content=\"DELTA NZ TRANS\" \/>\n<meta property=\"article:modified_time\" content=\"2023-03-02T12:33:13+00:00\" \/>\n<meta property=\"og:image\" content=\"https:\/\/deltanz.sk\/wp-content\/uploads\/2023\/01\/deltanz.jpg\" \/>\n\t<meta property=\"og:image:width\" content=\"900\" \/>\n\t<meta property=\"og:image:height\" content=\"900\" \/>\n\t<meta property=\"og:image:type\" content=\"image\/jpeg\" \/>\n<meta name=\"twitter:card\" content=\"summary_large_image\" \/>\n<meta name=\"twitter:image\" content=\"https:\/\/deltanz.sk\/wp-content\/uploads\/2023\/01\/deltanz.jpg\" \/>\n<script type=\"application\/ld+json\" class=\"yoast-schema-graph\">{\"@context\":\"https:\/\/schema.org\",\"@graph\":[{\"@type\":\"WebPage\",\"@id\":\"https:\/\/deltanz.sk\/de\/sie-sind-auf-brexit-vorbereitet\/\",\"url\":\"https:\/\/deltanz.sk\/de\/sie-sind-auf-brexit-vorbereitet\/\",\"name\":\"Sie sind auf Brexit vorbereitet - DELTA NZ TRANS\",\"isPartOf\":{\"@id\":\"https:\/\/deltanz.sk\/#website\"},\"primaryImageOfPage\":{\"@id\":\"https:\/\/deltanz.sk\/de\/sie-sind-auf-brexit-vorbereitet\/#primaryimage\"},\"image\":{\"@id\":\"https:\/\/deltanz.sk\/de\/sie-sind-auf-brexit-vorbereitet\/#primaryimage\"},\"thumbnailUrl\":\"https:\/\/deltanz.sk\/wp-content\/uploads\/2023\/01\/deltanz-slider-scaled.jpeg\",\"datePublished\":\"2021-06-08T08:32:58+00:00\",\"dateModified\":\"2023-03-02T12:33:13+00:00\",\"breadcrumb\":{\"@id\":\"https:\/\/deltanz.sk\/de\/sie-sind-auf-brexit-vorbereitet\/#breadcrumb\"},\"inLanguage\":\"de\",\"potentialAction\":[{\"@type\":\"ReadAction\",\"target\":[\"https:\/\/deltanz.sk\/de\/sie-sind-auf-brexit-vorbereitet\/\"]}]},{\"@type\":\"ImageObject\",\"inLanguage\":\"de\",\"@id\":\"https:\/\/deltanz.sk\/de\/sie-sind-auf-brexit-vorbereitet\/#primaryimage\",\"url\":\"https:\/\/deltanz.sk\/wp-content\/uploads\/2023\/01\/deltanz-slider-scaled.jpeg\",\"contentUrl\":\"https:\/\/deltanz.sk\/wp-content\/uploads\/2023\/01\/deltanz-slider-scaled.jpeg\",\"width\":2560,\"height\":1711},{\"@type\":\"BreadcrumbList\",\"@id\":\"https:\/\/deltanz.sk\/de\/sie-sind-auf-brexit-vorbereitet\/#breadcrumb\",\"itemListElement\":[{\"@type\":\"ListItem\",\"position\":1,\"name\":\"Domovsk\u00e1 str\u00e1nka\",\"item\":\"https:\/\/deltanz.sk\/de\/\"},{\"@type\":\"ListItem\",\"position\":2,\"name\":\"Sie sind auf Brexit vorbereitet\"}]},{\"@type\":\"WebSite\",\"@id\":\"https:\/\/deltanz.sk\/#website\",\"url\":\"https:\/\/deltanz.sk\/\",\"name\":\"DELTA NZ TRANS\",\"description\":\"Zasielate\u013esk\u00e1 spolo\u010dnos\u0165\",\"publisher\":{\"@id\":\"https:\/\/deltanz.sk\/#organization\"},\"potentialAction\":[{\"@type\":\"SearchAction\",\"target\":{\"@type\":\"EntryPoint\",\"urlTemplate\":\"https:\/\/deltanz.sk\/?s={search_term_string}\"},\"query-input\":{\"@type\":\"PropertyValueSpecification\",\"valueRequired\":true,\"valueName\":\"search_term_string\"}}],\"inLanguage\":\"de\"},{\"@type\":\"Organization\",\"@id\":\"https:\/\/deltanz.sk\/#organization\",\"name\":\"DELTA-NZTRANS spol. s r.o.\",\"url\":\"https:\/\/deltanz.sk\/\",\"logo\":{\"@type\":\"ImageObject\",\"inLanguage\":\"de\",\"@id\":\"https:\/\/deltanz.sk\/#\/schema\/logo\/image\/\",\"url\":\"https:\/\/deltanz.sk\/wp-content\/uploads\/2023\/01\/deltanz.jpg\",\"contentUrl\":\"https:\/\/deltanz.sk\/wp-content\/uploads\/2023\/01\/deltanz.jpg\",\"width\":900,\"height\":900,\"caption\":\"DELTA-NZTRANS spol. s r.o.\"},\"image\":{\"@id\":\"https:\/\/deltanz.sk\/#\/schema\/logo\/image\/\"}}]}<\/script>\n<!-- \/ Yoast SEO plugin. -->","yoast_head_json":{"title":"Sie sind auf Brexit vorbereitet - DELTA NZ TRANS","robots":{"index":"index","follow":"follow","max-snippet":"max-snippet:-1","max-image-preview":"max-image-preview:large","max-video-preview":"max-video-preview:-1"},"canonical":"https:\/\/deltanz.sk\/de\/sie-sind-auf-brexit-vorbereitet\/","og_locale":"de_DE","og_type":"article","og_title":"Sie sind auf Brexit vorbereitet - DELTA NZ TRANS","og_description":"Zolldeklarationsdienste werden werktags ab 8:00 Uhr bis 16:00 Uhr erbracht und garantieren Ihnen eine umfassende Bearbeitung f\u00fcr den Warenverkehr zwischen...","og_url":"https:\/\/deltanz.sk\/de\/sie-sind-auf-brexit-vorbereitet\/","og_site_name":"DELTA NZ TRANS","article_modified_time":"2023-03-02T12:33:13+00:00","og_image":[{"width":900,"height":900,"url":"https:\/\/deltanz.sk\/wp-content\/uploads\/2023\/01\/deltanz.jpg","type":"image\/jpeg"}],"twitter_card":"summary_large_image","twitter_image":"https:\/\/deltanz.sk\/wp-content\/uploads\/2023\/01\/deltanz.jpg","schema":{"@context":"https:\/\/schema.org","@graph":[{"@type":"WebPage","@id":"https:\/\/deltanz.sk\/de\/sie-sind-auf-brexit-vorbereitet\/","url":"https:\/\/deltanz.sk\/de\/sie-sind-auf-brexit-vorbereitet\/","name":"Sie sind auf Brexit vorbereitet - DELTA NZ TRANS","isPartOf":{"@id":"https:\/\/deltanz.sk\/#website"},"primaryImageOfPage":{"@id":"https:\/\/deltanz.sk\/de\/sie-sind-auf-brexit-vorbereitet\/#primaryimage"},"image":{"@id":"https:\/\/deltanz.sk\/de\/sie-sind-auf-brexit-vorbereitet\/#primaryimage"},"thumbnailUrl":"https:\/\/deltanz.sk\/wp-content\/uploads\/2023\/01\/deltanz-slider-scaled.jpeg","datePublished":"2021-06-08T08:32:58+00:00","dateModified":"2023-03-02T12:33:13+00:00","breadcrumb":{"@id":"https:\/\/deltanz.sk\/de\/sie-sind-auf-brexit-vorbereitet\/#breadcrumb"},"inLanguage":"de","potentialAction":[{"@type":"ReadAction","target":["https:\/\/deltanz.sk\/de\/sie-sind-auf-brexit-vorbereitet\/"]}]},{"@type":"ImageObject","inLanguage":"de","@id":"https:\/\/deltanz.sk\/de\/sie-sind-auf-brexit-vorbereitet\/#primaryimage","url":"https:\/\/deltanz.sk\/wp-content\/uploads\/2023\/01\/deltanz-slider-scaled.jpeg","contentUrl":"https:\/\/deltanz.sk\/wp-content\/uploads\/2023\/01\/deltanz-slider-scaled.jpeg","width":2560,"height":1711},{"@type":"BreadcrumbList","@id":"https:\/\/deltanz.sk\/de\/sie-sind-auf-brexit-vorbereitet\/#breadcrumb","itemListElement":[{"@type":"ListItem","position":1,"name":"Domovsk\u00e1 str\u00e1nka","item":"https:\/\/deltanz.sk\/de\/"},{"@type":"ListItem","position":2,"name":"Sie sind auf Brexit vorbereitet"}]},{"@type":"WebSite","@id":"https:\/\/deltanz.sk\/#website","url":"https:\/\/deltanz.sk\/","name":"DELTA NZ TRANS","description":"Zasielate\u013esk\u00e1 spolo\u010dnos\u0165","publisher":{"@id":"https:\/\/deltanz.sk\/#organization"},"potentialAction":[{"@type":"SearchAction","target":{"@type":"EntryPoint","urlTemplate":"https:\/\/deltanz.sk\/?s={search_term_string}"},"query-input":{"@type":"PropertyValueSpecification","valueRequired":true,"valueName":"search_term_string"}}],"inLanguage":"de"},{"@type":"Organization","@id":"https:\/\/deltanz.sk\/#organization","name":"DELTA-NZTRANS spol. s r.o.","url":"https:\/\/deltanz.sk\/","logo":{"@type":"ImageObject","inLanguage":"de","@id":"https:\/\/deltanz.sk\/#\/schema\/logo\/image\/","url":"https:\/\/deltanz.sk\/wp-content\/uploads\/2023\/01\/deltanz.jpg","contentUrl":"https:\/\/deltanz.sk\/wp-content\/uploads\/2023\/01\/deltanz.jpg","width":900,"height":900,"caption":"DELTA-NZTRANS spol. s r.o."},"image":{"@id":"https:\/\/deltanz.sk\/#\/schema\/logo\/image\/"}}]}},"_links":{"self":[{"href":"https:\/\/deltanz.sk\/de\/wp-json\/wp\/v2\/pages\/596","targetHints":{"allow":["GET"]}}],"collection":[{"href":"https:\/\/deltanz.sk\/de\/wp-json\/wp\/v2\/pages"}],"about":[{"href":"https:\/\/deltanz.sk\/de\/wp-json\/wp\/v2\/types\/page"}],"author":[{"embeddable":true,"href":"https:\/\/deltanz.sk\/de\/wp-json\/wp\/v2\/users\/1"}],"replies":[{"embeddable":true,"href":"https:\/\/deltanz.sk\/de\/wp-json\/wp\/v2\/comments?post=596"}],"version-history":[{"count":3,"href":"https:\/\/deltanz.sk\/de\/wp-json\/wp\/v2\/pages\/596\/revisions"}],"predecessor-version":[{"id":630,"href":"https:\/\/deltanz.sk\/de\/wp-json\/wp\/v2\/pages\/596\/revisions\/630"}],"wp:featuredmedia":[{"embeddable":true,"href":"https:\/\/deltanz.sk\/de\/wp-json\/wp\/v2\/media\/498"}],"wp:attachment":[{"href":"https:\/\/deltanz.sk\/de\/wp-json\/wp\/v2\/media?parent=596"}],"curies":[{"name":"wp","href":"https:\/\/api.w.org\/{rel}","templated":true}]}}