{"id":595,"date":"2021-06-08T10:32:58","date_gmt":"2021-06-08T08:32:58","guid":{"rendered":"https:\/\/deltanz.sk\/ste-pripraveny-na-brexit-2\/"},"modified":"2023-03-02T13:22:22","modified_gmt":"2023-03-02T12:22:22","slug":"are-you-ready-for-brexit","status":"publish","type":"page","link":"https:\/\/deltanz.sk\/en\/are-you-ready-for-brexit\/","title":{"rendered":"Are you ready for Brexit?"},"content":{"rendered":"<p>The customs declaration services are provided on weekdays from 8:00 a.m. until 4:00 p.m. and they guarantee you the comprehensive processing of documents necessary for the movement of goods between the European Union (EU) and third countries. We provide customs clearance for export and import. We will arrange the customs procedure for you in the customs area, which is the Customs Branch of the Nitra Customs Office on the premises of our company.<\/p>\n<p>&nbsp;<\/p>\n<p>Furthermore, we will provide you with new processing of documents and records, statistical monitoring and reporting to INTRASTAT for trade within the movement of goods between Slovakia and EU countries.<\/p>\n<p>&nbsp;<\/p>\n<p><strong>WE PROVIDE:<\/strong><\/p>\n<ul>\n<li>processing of all documents necessary for import\/export clearance (Single Administrative Document (SAD), SADd, DCH, DCHh, filling in CMR, EUR1)<\/li>\n<li>representation of the declarant in clearance procedure<\/li>\n<li>ensuring import payments for all customs procedures<\/li>\n<li>processing of documents for the TIR carnet<\/li>\n<li>preparation of applications for authorisation of procedures with an economic impact (inward and outward processing, temporary use, processing under customs supervision)<\/li>\n<li>record-keeping for customs procedures with economic impact<\/li>\n<li>re-export business operations, including neutralisation of documents<\/li>\n<li>advice and consultation regarding a specific customs issue in connection with the import, export or direct transit of goods<\/li>\n<li>INTRASTAT \u2013 collection and processing of data for statistical monitoring of foreign trade within the EU and between Slovakia and third countries.<\/li>\n<\/ul>\n","protected":false},"excerpt":{"rendered":"<p>The customs declaration services are provided on weekdays from 8:00 a.m. until 4:00 p.m. and they guarantee you the comprehensive&#8230;<\/p>\n","protected":false},"author":1,"featured_media":497,"parent":0,"menu_order":0,"comment_status":"closed","ping_status":"closed","template":"","meta":{"_acf_changed":false,"inline_featured_image":false,"footnotes":""},"class_list":["post-595","page","type-page","status-publish","has-post-thumbnail","hentry"],"acf":[],"yoast_head":"<!-- This site is optimized with the Yoast SEO plugin v24.3 - https:\/\/yoast.com\/wordpress\/plugins\/seo\/ -->\n<title>Are you ready for Brexit? - DELTA NZ TRANS<\/title>\n<meta name=\"robots\" content=\"index, follow, max-snippet:-1, max-image-preview:large, max-video-preview:-1\" \/>\n<link rel=\"canonical\" href=\"https:\/\/deltanz.sk\/en\/are-you-ready-for-brexit\/\" \/>\n<meta property=\"og:locale\" content=\"en_US\" \/>\n<meta property=\"og:type\" content=\"article\" \/>\n<meta property=\"og:title\" content=\"Are you ready for Brexit? - DELTA NZ TRANS\" \/>\n<meta property=\"og:description\" content=\"The customs declaration services are provided on weekdays from 8:00 a.m. until 4:00 p.m. and they guarantee you the comprehensive...\" \/>\n<meta property=\"og:url\" content=\"https:\/\/deltanz.sk\/en\/are-you-ready-for-brexit\/\" \/>\n<meta property=\"og:site_name\" content=\"DELTA NZ TRANS\" \/>\n<meta property=\"article:modified_time\" content=\"2023-03-02T12:22:22+00:00\" \/>\n<meta property=\"og:image\" content=\"https:\/\/deltanz.sk\/wp-content\/uploads\/2023\/01\/deltanz.jpg\" \/>\n\t<meta property=\"og:image:width\" content=\"900\" \/>\n\t<meta property=\"og:image:height\" content=\"900\" \/>\n\t<meta property=\"og:image:type\" content=\"image\/jpeg\" \/>\n<meta name=\"twitter:card\" content=\"summary_large_image\" \/>\n<meta name=\"twitter:image\" content=\"https:\/\/deltanz.sk\/wp-content\/uploads\/2023\/01\/deltanz.jpg\" \/>\n<script type=\"application\/ld+json\" class=\"yoast-schema-graph\">{\"@context\":\"https:\/\/schema.org\",\"@graph\":[{\"@type\":\"WebPage\",\"@id\":\"https:\/\/deltanz.sk\/en\/are-you-ready-for-brexit\/\",\"url\":\"https:\/\/deltanz.sk\/en\/are-you-ready-for-brexit\/\",\"name\":\"Are you ready for Brexit? - DELTA NZ TRANS\",\"isPartOf\":{\"@id\":\"https:\/\/deltanz.sk\/#website\"},\"primaryImageOfPage\":{\"@id\":\"https:\/\/deltanz.sk\/en\/are-you-ready-for-brexit\/#primaryimage\"},\"image\":{\"@id\":\"https:\/\/deltanz.sk\/en\/are-you-ready-for-brexit\/#primaryimage\"},\"thumbnailUrl\":\"https:\/\/deltanz.sk\/wp-content\/uploads\/2023\/01\/deltanz-slider-scaled.jpeg\",\"datePublished\":\"2021-06-08T08:32:58+00:00\",\"dateModified\":\"2023-03-02T12:22:22+00:00\",\"breadcrumb\":{\"@id\":\"https:\/\/deltanz.sk\/en\/are-you-ready-for-brexit\/#breadcrumb\"},\"inLanguage\":\"en-US\",\"potentialAction\":[{\"@type\":\"ReadAction\",\"target\":[\"https:\/\/deltanz.sk\/en\/are-you-ready-for-brexit\/\"]}]},{\"@type\":\"ImageObject\",\"inLanguage\":\"en-US\",\"@id\":\"https:\/\/deltanz.sk\/en\/are-you-ready-for-brexit\/#primaryimage\",\"url\":\"https:\/\/deltanz.sk\/wp-content\/uploads\/2023\/01\/deltanz-slider-scaled.jpeg\",\"contentUrl\":\"https:\/\/deltanz.sk\/wp-content\/uploads\/2023\/01\/deltanz-slider-scaled.jpeg\",\"width\":2560,\"height\":1711},{\"@type\":\"BreadcrumbList\",\"@id\":\"https:\/\/deltanz.sk\/en\/are-you-ready-for-brexit\/#breadcrumb\",\"itemListElement\":[{\"@type\":\"ListItem\",\"position\":1,\"name\":\"Domovsk\u00e1 str\u00e1nka\",\"item\":\"https:\/\/deltanz.sk\/en\/\"},{\"@type\":\"ListItem\",\"position\":2,\"name\":\"Are you ready for Brexit?\"}]},{\"@type\":\"WebSite\",\"@id\":\"https:\/\/deltanz.sk\/#website\",\"url\":\"https:\/\/deltanz.sk\/\",\"name\":\"DELTA NZ TRANS\",\"description\":\"Zasielate\u013esk\u00e1 spolo\u010dnos\u0165\",\"publisher\":{\"@id\":\"https:\/\/deltanz.sk\/#organization\"},\"potentialAction\":[{\"@type\":\"SearchAction\",\"target\":{\"@type\":\"EntryPoint\",\"urlTemplate\":\"https:\/\/deltanz.sk\/?s={search_term_string}\"},\"query-input\":{\"@type\":\"PropertyValueSpecification\",\"valueRequired\":true,\"valueName\":\"search_term_string\"}}],\"inLanguage\":\"en-US\"},{\"@type\":\"Organization\",\"@id\":\"https:\/\/deltanz.sk\/#organization\",\"name\":\"DELTA-NZTRANS spol. s r.o.\",\"url\":\"https:\/\/deltanz.sk\/\",\"logo\":{\"@type\":\"ImageObject\",\"inLanguage\":\"en-US\",\"@id\":\"https:\/\/deltanz.sk\/#\/schema\/logo\/image\/\",\"url\":\"https:\/\/deltanz.sk\/wp-content\/uploads\/2023\/01\/deltanz.jpg\",\"contentUrl\":\"https:\/\/deltanz.sk\/wp-content\/uploads\/2023\/01\/deltanz.jpg\",\"width\":900,\"height\":900,\"caption\":\"DELTA-NZTRANS spol. s r.o.\"},\"image\":{\"@id\":\"https:\/\/deltanz.sk\/#\/schema\/logo\/image\/\"}}]}<\/script>\n<!-- \/ Yoast SEO plugin. -->","yoast_head_json":{"title":"Are you ready for Brexit? - DELTA NZ TRANS","robots":{"index":"index","follow":"follow","max-snippet":"max-snippet:-1","max-image-preview":"max-image-preview:large","max-video-preview":"max-video-preview:-1"},"canonical":"https:\/\/deltanz.sk\/en\/are-you-ready-for-brexit\/","og_locale":"en_US","og_type":"article","og_title":"Are you ready for Brexit? - DELTA NZ TRANS","og_description":"The customs declaration services are provided on weekdays from 8:00 a.m. until 4:00 p.m. and they guarantee you the comprehensive...","og_url":"https:\/\/deltanz.sk\/en\/are-you-ready-for-brexit\/","og_site_name":"DELTA NZ TRANS","article_modified_time":"2023-03-02T12:22:22+00:00","og_image":[{"width":900,"height":900,"url":"https:\/\/deltanz.sk\/wp-content\/uploads\/2023\/01\/deltanz.jpg","type":"image\/jpeg"}],"twitter_card":"summary_large_image","twitter_image":"https:\/\/deltanz.sk\/wp-content\/uploads\/2023\/01\/deltanz.jpg","schema":{"@context":"https:\/\/schema.org","@graph":[{"@type":"WebPage","@id":"https:\/\/deltanz.sk\/en\/are-you-ready-for-brexit\/","url":"https:\/\/deltanz.sk\/en\/are-you-ready-for-brexit\/","name":"Are you ready for Brexit? - DELTA NZ TRANS","isPartOf":{"@id":"https:\/\/deltanz.sk\/#website"},"primaryImageOfPage":{"@id":"https:\/\/deltanz.sk\/en\/are-you-ready-for-brexit\/#primaryimage"},"image":{"@id":"https:\/\/deltanz.sk\/en\/are-you-ready-for-brexit\/#primaryimage"},"thumbnailUrl":"https:\/\/deltanz.sk\/wp-content\/uploads\/2023\/01\/deltanz-slider-scaled.jpeg","datePublished":"2021-06-08T08:32:58+00:00","dateModified":"2023-03-02T12:22:22+00:00","breadcrumb":{"@id":"https:\/\/deltanz.sk\/en\/are-you-ready-for-brexit\/#breadcrumb"},"inLanguage":"en-US","potentialAction":[{"@type":"ReadAction","target":["https:\/\/deltanz.sk\/en\/are-you-ready-for-brexit\/"]}]},{"@type":"ImageObject","inLanguage":"en-US","@id":"https:\/\/deltanz.sk\/en\/are-you-ready-for-brexit\/#primaryimage","url":"https:\/\/deltanz.sk\/wp-content\/uploads\/2023\/01\/deltanz-slider-scaled.jpeg","contentUrl":"https:\/\/deltanz.sk\/wp-content\/uploads\/2023\/01\/deltanz-slider-scaled.jpeg","width":2560,"height":1711},{"@type":"BreadcrumbList","@id":"https:\/\/deltanz.sk\/en\/are-you-ready-for-brexit\/#breadcrumb","itemListElement":[{"@type":"ListItem","position":1,"name":"Domovsk\u00e1 str\u00e1nka","item":"https:\/\/deltanz.sk\/en\/"},{"@type":"ListItem","position":2,"name":"Are you ready for Brexit?"}]},{"@type":"WebSite","@id":"https:\/\/deltanz.sk\/#website","url":"https:\/\/deltanz.sk\/","name":"DELTA NZ TRANS","description":"Zasielate\u013esk\u00e1 spolo\u010dnos\u0165","publisher":{"@id":"https:\/\/deltanz.sk\/#organization"},"potentialAction":[{"@type":"SearchAction","target":{"@type":"EntryPoint","urlTemplate":"https:\/\/deltanz.sk\/?s={search_term_string}"},"query-input":{"@type":"PropertyValueSpecification","valueRequired":true,"valueName":"search_term_string"}}],"inLanguage":"en-US"},{"@type":"Organization","@id":"https:\/\/deltanz.sk\/#organization","name":"DELTA-NZTRANS spol. s r.o.","url":"https:\/\/deltanz.sk\/","logo":{"@type":"ImageObject","inLanguage":"en-US","@id":"https:\/\/deltanz.sk\/#\/schema\/logo\/image\/","url":"https:\/\/deltanz.sk\/wp-content\/uploads\/2023\/01\/deltanz.jpg","contentUrl":"https:\/\/deltanz.sk\/wp-content\/uploads\/2023\/01\/deltanz.jpg","width":900,"height":900,"caption":"DELTA-NZTRANS spol. s r.o."},"image":{"@id":"https:\/\/deltanz.sk\/#\/schema\/logo\/image\/"}}]}},"_links":{"self":[{"href":"https:\/\/deltanz.sk\/en\/wp-json\/wp\/v2\/pages\/595","targetHints":{"allow":["GET"]}}],"collection":[{"href":"https:\/\/deltanz.sk\/en\/wp-json\/wp\/v2\/pages"}],"about":[{"href":"https:\/\/deltanz.sk\/en\/wp-json\/wp\/v2\/types\/page"}],"author":[{"embeddable":true,"href":"https:\/\/deltanz.sk\/en\/wp-json\/wp\/v2\/users\/1"}],"replies":[{"embeddable":true,"href":"https:\/\/deltanz.sk\/en\/wp-json\/wp\/v2\/comments?post=595"}],"version-history":[{"count":2,"href":"https:\/\/deltanz.sk\/en\/wp-json\/wp\/v2\/pages\/595\/revisions"}],"predecessor-version":[{"id":611,"href":"https:\/\/deltanz.sk\/en\/wp-json\/wp\/v2\/pages\/595\/revisions\/611"}],"wp:featuredmedia":[{"embeddable":true,"href":"https:\/\/deltanz.sk\/en\/wp-json\/wp\/v2\/media\/497"}],"wp:attachment":[{"href":"https:\/\/deltanz.sk\/en\/wp-json\/wp\/v2\/media?parent=595"}],"curies":[{"name":"wp","href":"https:\/\/api.w.org\/{rel}","templated":true}]}}